{"id":2771,"date":"2025-04-30T20:29:05","date_gmt":"2025-04-30T20:29:05","guid":{"rendered":"https:\/\/bonviajestours.com\/?post_type=product&#038;p=2771"},"modified":"2026-03-06T00:50:37","modified_gmt":"2026-03-06T00:50:37","slug":"vivir-es-recordar","status":"publish","type":"product","link":"https:\/\/bonviajestours.com\/en\/product\/vivir-es-recordar\/","title":{"rendered":"DIA DE MUERTOS 2026- OAXACA"},"content":{"rendered":"","protected":false},"excerpt":{"rendered":"<p class=\"p1\"><strong>Lunes 26 de octubre 2026\u2013 Oaxaca ( D\u00eda de Muertos)<\/strong><\/p>\n<p class=\"p1\">Oaxaca es el destino ideal para honrar la vida y la muerte. Durante este tour, conectar\u00e1s con las tradiciones del D\u00eda de Muertos, reflexionando sobre la transformaci\u00f3n y el ciclo de la vida. Es una oportunidad \u00fanica para rendir homenaje a tus ancestros y entender el significado profundo de la muerte como parte de un ciclo continuo.<br \/>\nCharla: \u201cHonrar la vida y la muerte\u201d<\/p>\n<p class=\"p1\"><strong>Precio Total: $7500<\/strong><\/p>\n<p class=\"p1\"><strong>Ap\u00e1rtalo con: $1499<\/strong><\/p>\n<p class=\"p1\"><strong>Departure time:<\/strong><br \/>\n<strong>Departure from Mexico City: 12:00 AM<\/strong><br \/>\n<strong>Return to Mexico City: 9:30 PM<\/strong><\/p>\n<p class=\"p1\">Includes:<\/p>\n<ul class=\"ul1\">\n<li class=\"li2\">Round trip transportation from Mexico City<\/li>\n<li class=\"li2\">Traveler's insurance within the unit<\/li>\n<li class=\"li2\">Lunchbox<\/li>\n<li class=\"li2\">Seat selection (according to reservation order)<\/li>\n<li class=\"li2\">Tour coordinator<\/li>\n<li class=\"li2\">Entrada a los lugares a visitar<\/li>\n<li class=\"li2\">Tiempo libre para recorrer los diferentes lugares<\/li>\n<li class=\"li2\">Unlimited water<\/li>\n<\/ul>\n<p class=\"p1\">Not included:<\/p>\n<ul class=\"ul1\">\n<li class=\"li2\">Meals and drinks not specified<\/li>\n<li class=\"li2\">Personal expenses<\/li>\n<li class=\"li1\">Tips<\/li>\n<\/ul>","protected":false},"featured_media":3026,"comment_status":"open","ping_status":"closed","template":"","meta":{"_joinchat":{"telephone":"+525580323918"}},"product_brand":[],"product_cat":[42],"product_tag":[],"class_list":{"0":"post-2771","1":"product","2":"type-product","3":"status-publish","4":"has-post-thumbnail","6":"product_cat-mujeres","8":"first","9":"instock","10":"shipping-taxable","11":"product-type-simple"},"_links":{"self":[{"href":"https:\/\/bonviajestours.com\/en\/wp-json\/wp\/v2\/product\/2771","targetHints":{"allow":["GET"]}}],"collection":[{"href":"https:\/\/bonviajestours.com\/en\/wp-json\/wp\/v2\/product"}],"about":[{"href":"https:\/\/bonviajestours.com\/en\/wp-json\/wp\/v2\/types\/product"}],"replies":[{"embeddable":true,"href":"https:\/\/bonviajestours.com\/en\/wp-json\/wp\/v2\/comments?post=2771"}],"wp:featuredmedia":[{"embeddable":true,"href":"https:\/\/bonviajestours.com\/en\/wp-json\/wp\/v2\/media\/3026"}],"wp:attachment":[{"href":"https:\/\/bonviajestours.com\/en\/wp-json\/wp\/v2\/media?parent=2771"}],"wp:term":[{"taxonomy":"product_brand","embeddable":true,"href":"https:\/\/bonviajestours.com\/en\/wp-json\/wp\/v2\/product_brand?post=2771"},{"taxonomy":"product_cat","embeddable":true,"href":"https:\/\/bonviajestours.com\/en\/wp-json\/wp\/v2\/product_cat?post=2771"},{"taxonomy":"product_tag","embeddable":true,"href":"https:\/\/bonviajestours.com\/en\/wp-json\/wp\/v2\/product_tag?post=2771"}],"curies":[{"name":"wp","href":"https:\/\/api.w.org\/{rel}","templated":true}]}}