{"id":2769,"date":"2025-04-30T20:27:05","date_gmt":"2025-04-30T20:27:05","guid":{"rendered":"https:\/\/bonviajestours.com\/?post_type=product&#038;p=2769"},"modified":"2026-03-06T01:02:25","modified_gmt":"2026-03-06T01:02:25","slug":"aguas-termales-el-aguacate-noviembre-28","status":"publish","type":"product","link":"https:\/\/bonviajestours.com\/en\/product\/aguas-termales-el-aguacate-noviembre-28\/","title":{"rendered":"Manantial El Aguacate Noviembre 28"},"content":{"rendered":"","protected":false},"excerpt":{"rendered":"<p class=\"p1\"><b>S\u00e1bado 28 de Noviembre \u2013 El Aguacate , Queretaro<\/b><\/p>\n<p class=\"p1\">En el coraz\u00f3n de Hidalgo, este tour busca la liberaci\u00f3n emocional. Alejadas de las multitudes y rodeadas de aguas termales, vivir\u00e1s una experiencia transformadora, soltando todo aquello que ya no te sirve. La espiritualidad del lugar te ayudar\u00e1 a encontrar equilibrio y calma.<br \/>\nTalk: \u201cEmotional Release and Flowing with Life\u201d<\/p>\n<p class=\"p1\"><strong>Ap\u00e1rtalo con: $499<\/strong><\/p>\n<p class=\"p1\"><strong>Departure time:<\/strong><br \/>\n<strong>Salida de CDMX: 06:00 AM<\/strong><br \/>\n<strong>Return to Mexico City: 9:30 PM<\/strong><\/p>\n<p class=\"p1\">Includes:<\/p>\n<ul class=\"ul1\">\n<li class=\"li2\">Round trip transportation from Mexico City<\/li>\n<li class=\"li2\">Traveler's insurance within the unit<\/li>\n<li class=\"li2\">Lunchbox<\/li>\n<li class=\"li2\">Seat selection (according to reservation order)<\/li>\n<li class=\"li2\">Tour coordinator<\/li>\n<li class=\"li2\">Entrada al Paraiso<\/li>\n<li class=\"li2\">Free time to explore the site<\/li>\n<li class=\"li2\">Unlimited water<\/li>\n<\/ul>\n<p class=\"p1\">Not included:<\/p>\n<ul class=\"ul1\">\n<li class=\"li2\">Meals and drinks not specified<\/li>\n<li class=\"li2\">Personal expenses<\/li>\n<li class=\"li1\">Tips<b><br \/>\n<\/b><\/li>\n<\/ul>","protected":false},"featured_media":3027,"comment_status":"open","ping_status":"closed","template":"","meta":{"_joinchat":[]},"product_brand":[],"product_cat":[42],"product_tag":[],"class_list":{"0":"post-2769","1":"product","2":"type-product","3":"status-publish","4":"has-post-thumbnail","6":"product_cat-mujeres","8":"first","9":"instock","10":"shipping-taxable","11":"product-type-simple"},"_links":{"self":[{"href":"https:\/\/bonviajestours.com\/en\/wp-json\/wp\/v2\/product\/2769","targetHints":{"allow":["GET"]}}],"collection":[{"href":"https:\/\/bonviajestours.com\/en\/wp-json\/wp\/v2\/product"}],"about":[{"href":"https:\/\/bonviajestours.com\/en\/wp-json\/wp\/v2\/types\/product"}],"replies":[{"embeddable":true,"href":"https:\/\/bonviajestours.com\/en\/wp-json\/wp\/v2\/comments?post=2769"}],"wp:featuredmedia":[{"embeddable":true,"href":"https:\/\/bonviajestours.com\/en\/wp-json\/wp\/v2\/media\/3027"}],"wp:attachment":[{"href":"https:\/\/bonviajestours.com\/en\/wp-json\/wp\/v2\/media?parent=2769"}],"wp:term":[{"taxonomy":"product_brand","embeddable":true,"href":"https:\/\/bonviajestours.com\/en\/wp-json\/wp\/v2\/product_brand?post=2769"},{"taxonomy":"product_cat","embeddable":true,"href":"https:\/\/bonviajestours.com\/en\/wp-json\/wp\/v2\/product_cat?post=2769"},{"taxonomy":"product_tag","embeddable":true,"href":"https:\/\/bonviajestours.com\/en\/wp-json\/wp\/v2\/product_tag?post=2769"}],"curies":[{"name":"wp","href":"https:\/\/api.w.org\/{rel}","templated":true}]}}