{"id":2570,"date":"2025-04-24T00:04:51","date_gmt":"2025-04-24T00:04:51","guid":{"rendered":"https:\/\/bonviajestours.com\/?post_type=product&#038;p=2570"},"modified":"2025-08-20T23:39:54","modified_gmt":"2025-08-20T23:39:54","slug":"vuelo-en-globo-y-visita-libre-a-teotihuacan","status":"publish","type":"product","link":"https:\/\/bonviajestours.com\/en\/product\/vuelo-en-globo-y-visita-libre-a-teotihuacan\/","title":{"rendered":"BALLOON FLIGHT AND TEOTIHUACAN VISIT"},"content":{"rendered":"","protected":false},"excerpt":{"rendered":"<p><span style=\"font-weight: 400;\">It's a unique experience. We'll pick you up from your accommodation to take you to the Balloonport where you can enjoy a Coffee Break while watching the assembly and inflation of the balloon you'll be boarding.<\/span><\/p>\n<p><span style=\"font-weight: 400;\">The flight will last 45 to 60 minutes, during which you can contemplate the sunrise, the majestic city of the gods, and different balloons that will accompany you during your experience.<\/span><\/p>\n<p><span style=\"font-weight: 400;\">Upon landing, you'll enjoy a toast with sparkling wine and breakfast at a local restaurant to recharge your energy and continue with the visit of two hours at Teotihuacan Archaeological Zone.<\/span><\/p>\n<p>&nbsp;<\/p>\n<p><b>Includes:<\/b><\/p>\n<ul>\n<li style=\"font-weight: 400;\" aria-level=\"1\"><span style=\"font-weight: 400;\">Round-trip private transportation from your accommodation (ask about our pick-up zones)<\/span><\/li>\n<li style=\"font-weight: 400;\" aria-level=\"1\"><span style=\"font-weight: 400;\">Shared balloon flight (ask about our private packages)<\/span><\/li>\n<li style=\"font-weight: 400;\" aria-level=\"1\"><span style=\"font-weight: 400;\">Certified guide<\/span><\/li>\n<li style=\"font-weight: 400;\" aria-level=\"1\"><span style=\"font-weight: 400;\">Flight Certificate<\/span><\/li>\n<li style=\"font-weight: 400;\" aria-level=\"1\"><span style=\"font-weight: 400;\">Toast<\/span><\/li>\n<li style=\"font-weight: 400;\" aria-level=\"1\"><span style=\"font-weight: 400;\">Complimentary drinks<\/span><\/li>\n<li style=\"font-weight: 400;\" aria-level=\"1\"><span style=\"font-weight: 400;\">Breakfast<\/span><\/li>\n<li style=\"font-weight: 400;\" aria-level=\"1\"><span style=\"font-weight: 400;\">Entrance to the Teotihuacan Archaeological Zone<\/span><\/li>\n<\/ul>\n<p>&nbsp;<\/p>\n<p><b>Not included:<\/b><\/p>\n<ul>\n<li style=\"font-weight: 400;\" aria-level=\"1\"><span style=\"font-weight: 400;\">Tips<\/span><\/li>\n<li style=\"font-weight: 400;\" aria-level=\"1\"><span style=\"font-weight: 400;\">Snacks or drinks outside of breakfast<\/span><\/li>\n<li style=\"font-weight: 400;\" aria-level=\"1\"><span style=\"font-weight: 400;\">Personal souvenirs<\/span><\/li>\n<\/ul>\n<p>&nbsp;<\/p>\n<pre id=\"tw-target-text\" class=\"tw-data-text tw-text-large tw-ta\" dir=\"ltr\" data-placeholder=\"Traducci\u00f3n\" data-ved=\"2ahUKEwjikovJsu-MAxVFD0QIHTykDQEQ3ewLegQICRAV\" aria-label=\"Texto traducido: Precio: $3,400.00 MXN por adulto $3,100.00 MXN por ni\u00f1o (4-10 a\u00f1os) $1,800.00 MXN por beb\u00e9 (0-3 a\u00f1os) (el beb\u00e9 debe tener su propia silla portabeb\u00e9s; si no la tiene, puede solicitarla al menos una semana antes de la experiencia)\"><strong><span class=\"Y2IQFc\" lang=\"es\">     Price: \n$3,400.00 MXN per adult\n$3,100.00 MXN per children (4-10 yo)\n$1,800.00 MXN per infant (0-3 yo)(the baby must have its ow<\/span><\/strong><\/pre>","protected":false},"featured_media":3007,"comment_status":"open","ping_status":"closed","template":"","meta":{"_joinchat":[]},"product_brand":[],"product_cat":[29],"product_tag":[],"class_list":{"0":"post-2570","1":"product","2":"type-product","3":"status-publish","4":"has-post-thumbnail","6":"product_cat-extranjeros","8":"first","9":"instock","10":"shipping-taxable","11":"purchasable","12":"product-type-variable"},"_links":{"self":[{"href":"https:\/\/bonviajestours.com\/en\/wp-json\/wp\/v2\/product\/2570","targetHints":{"allow":["GET"]}}],"collection":[{"href":"https:\/\/bonviajestours.com\/en\/wp-json\/wp\/v2\/product"}],"about":[{"href":"https:\/\/bonviajestours.com\/en\/wp-json\/wp\/v2\/types\/product"}],"replies":[{"embeddable":true,"href":"https:\/\/bonviajestours.com\/en\/wp-json\/wp\/v2\/comments?post=2570"}],"wp:featuredmedia":[{"embeddable":true,"href":"https:\/\/bonviajestours.com\/en\/wp-json\/wp\/v2\/media\/3007"}],"wp:attachment":[{"href":"https:\/\/bonviajestours.com\/en\/wp-json\/wp\/v2\/media?parent=2570"}],"wp:term":[{"taxonomy":"product_brand","embeddable":true,"href":"https:\/\/bonviajestours.com\/en\/wp-json\/wp\/v2\/product_brand?post=2570"},{"taxonomy":"product_cat","embeddable":true,"href":"https:\/\/bonviajestours.com\/en\/wp-json\/wp\/v2\/product_cat?post=2570"},{"taxonomy":"product_tag","embeddable":true,"href":"https:\/\/bonviajestours.com\/en\/wp-json\/wp\/v2\/product_tag?post=2570"}],"curies":[{"name":"wp","href":"https:\/\/api.w.org\/{rel}","templated":true}]}}