{"id":2795,"date":"2025-05-07T14:51:17","date_gmt":"2025-05-07T14:51:17","guid":{"rendered":"https:\/\/bonviajestours.com\/?page_id=2795"},"modified":"2025-05-08T02:44:52","modified_gmt":"2025-05-08T02:44:52","slug":"bonviaje","status":"publish","type":"page","link":"https:\/\/bonviajestours.com\/en\/bonviaje\/","title":{"rendered":"Bonviaje"},"content":{"rendered":"<div data-elementor-type=\"wp-page\" data-elementor-id=\"2795\" class=\"elementor elementor-2795\" data-elementor-post-type=\"page\">\n\t\t\t\t<div class=\"elementor-element elementor-element-32755ef elementor-hidden-mobile e-flex e-con-boxed e-con e-parent\" data-id=\"32755ef\" data-element_type=\"container\">\n\t\t\t\t\t<div class=\"e-con-inner\">\n\t\t<div class=\"elementor-element elementor-element-eebcba5 e-con-full e-flex e-con e-child\" data-id=\"eebcba5\" data-element_type=\"container\">\n\t\t\t\t<\/div>\n\t\t<div class=\"elementor-element elementor-element-cc7bde2 e-con-full e-flex e-con e-child\" data-id=\"cc7bde2\" data-element_type=\"container\">\n\t\t\t\t<div class=\"elementor-element elementor-element-3e53259 elementor-widget elementor-widget-image\" data-id=\"3e53259\" data-element_type=\"widget\" data-widget_type=\"image.default\">\n\t\t\t\t<div class=\"elementor-widget-container\">\n\t\t\t\t\t\t\t\t\t\t\t\t\t\t\t<img fetchpriority=\"high\" decoding=\"async\" width=\"800\" height=\"200\" src=\"https:\/\/bonviajestours.com\/wp-content\/uploads\/2025\/05\/quienes-1024x256.jpg\" class=\"attachment-large size-large wp-image-2800\" alt=\"\" srcset=\"https:\/\/bonviajestours.com\/wp-content\/uploads\/2025\/05\/quienes-1024x256.jpg 1024w, https:\/\/bonviajestours.com\/wp-content\/uploads\/2025\/05\/quienes-300x75.jpg 300w, https:\/\/bonviajestours.com\/wp-content\/uploads\/2025\/05\/quienes-768x192.jpg 768w, https:\/\/bonviajestours.com\/wp-content\/uploads\/2025\/05\/quienes-18x5.jpg 18w, https:\/\/bonviajestours.com\/wp-content\/uploads\/2025\/05\/quienes-600x150.jpg 600w, https:\/\/bonviajestours.com\/wp-content\/uploads\/2025\/05\/quienes.jpg 1200w\" sizes=\"(max-width: 800px) 100vw, 800px\" \/>\t\t\t\t\t\t\t\t\t\t\t\t\t\t\t<\/div>\n\t\t\t\t<\/div>\n\t\t\t\t<\/div>\n\t\t<div class=\"elementor-element elementor-element-59e960f e-con-full e-flex e-con e-child\" data-id=\"59e960f\" data-element_type=\"container\">\n\t\t\t\t<\/div>\n\t\t\t\t\t<\/div>\n\t\t\t\t<\/div>\n\t\t<div class=\"elementor-element elementor-element-0535a8b elementor-hidden-desktop elementor-hidden-tablet e-flex e-con-boxed e-con e-parent\" data-id=\"0535a8b\" data-element_type=\"container\">\n\t\t\t\t\t<div class=\"e-con-inner\">\n\t\t<div class=\"elementor-element elementor-element-a1b32fb e-con-full e-flex e-con e-child\" data-id=\"a1b32fb\" data-element_type=\"container\">\n\t\t\t\t<\/div>\n\t\t<div class=\"elementor-element elementor-element-71f001a e-con-full e-flex e-con e-child\" data-id=\"71f001a\" data-element_type=\"container\">\n\t\t\t\t<div class=\"elementor-element elementor-element-373dcfc elementor-widget elementor-widget-image\" data-id=\"373dcfc\" data-element_type=\"widget\" data-widget_type=\"image.default\">\n\t\t\t\t<div class=\"elementor-widget-container\">\n\t\t\t\t\t\t\t\t\t\t\t\t\t\t\t<img decoding=\"async\" width=\"786\" height=\"454\" src=\"https:\/\/bonviajestours.com\/wp-content\/uploads\/2025\/05\/quienes-somos-1.jpg\" class=\"attachment-large size-large wp-image-2872\" alt=\"\" srcset=\"https:\/\/bonviajestours.com\/wp-content\/uploads\/2025\/05\/quienes-somos-1.jpg 786w, https:\/\/bonviajestours.com\/wp-content\/uploads\/2025\/05\/quienes-somos-1-300x173.jpg 300w, https:\/\/bonviajestours.com\/wp-content\/uploads\/2025\/05\/quienes-somos-1-768x444.jpg 768w, https:\/\/bonviajestours.com\/wp-content\/uploads\/2025\/05\/quienes-somos-1-18x10.jpg 18w, https:\/\/bonviajestours.com\/wp-content\/uploads\/2025\/05\/quienes-somos-1-600x347.jpg 600w\" sizes=\"(max-width: 786px) 100vw, 786px\" \/>\t\t\t\t\t\t\t\t\t\t\t\t\t\t\t<\/div>\n\t\t\t\t<\/div>\n\t\t\t\t<\/div>\n\t\t<div class=\"elementor-element elementor-element-4d668a1 e-con-full e-flex e-con e-child\" data-id=\"4d668a1\" data-element_type=\"container\">\n\t\t\t\t<\/div>\n\t\t\t\t\t<\/div>\n\t\t\t\t<\/div>\n\t\t<div class=\"elementor-element elementor-element-add8503 e-flex e-con-boxed e-con e-parent\" data-id=\"add8503\" data-element_type=\"container\">\n\t\t\t\t\t<div class=\"e-con-inner\">\n\t\t\t\t<div class=\"elementor-element elementor-element-5ddf37e elementor-widget elementor-widget-spacer\" data-id=\"5ddf37e\" data-element_type=\"widget\" data-widget_type=\"spacer.default\">\n\t\t\t\t<div class=\"elementor-widget-container\">\n\t\t\t\t\t\t\t<div class=\"elementor-spacer\">\n\t\t\t<div class=\"elementor-spacer-inner\"><\/div>\n\t\t<\/div>\n\t\t\t\t\t\t<\/div>\n\t\t\t\t<\/div>\n\t\t\t\t\t<\/div>\n\t\t\t\t<\/div>\n\t\t<div class=\"elementor-element elementor-element-a833ba8 e-flex e-con-boxed e-con e-parent\" data-id=\"a833ba8\" data-element_type=\"container\" data-settings=\"{&quot;background_background&quot;:&quot;classic&quot;}\">\n\t\t\t\t\t<div class=\"e-con-inner\">\n\t\t<div class=\"elementor-element elementor-element-20e06d1 e-con-full e-flex e-con e-child\" data-id=\"20e06d1\" data-element_type=\"container\">\n\t\t\t\t<\/div>\n\t\t<div class=\"elementor-element elementor-element-7ece9be e-con-full e-flex e-con e-child\" data-id=\"7ece9be\" data-element_type=\"container\">\n\t\t\t\t<div class=\"elementor-element elementor-element-dada178 elementor-widget elementor-widget-heading\" data-id=\"dada178\" data-element_type=\"widget\" data-widget_type=\"heading.default\">\n\t\t\t\t<div class=\"elementor-widget-container\">\n\t\t\t\t\t<h2 class=\"elementor-heading-title elementor-size-default\">At Bonviajes, we believe that every trip is more than a destination: it's a transformative experience.<\/h2>\t\t\t\t<\/div>\n\t\t\t\t<\/div>\n\t\t\t\t<div class=\"elementor-element elementor-element-f7aab54 elementor-widget elementor-widget-text-editor\" data-id=\"f7aab54\" data-element_type=\"widget\" data-widget_type=\"text-editor.default\">\n\t\t\t\t<div class=\"elementor-widget-container\">\n\t\t\t\t\t\t\t\t\t<p>We are a Mexican travel agency specializing in designing authentic tours that connect people \nwith culture, nature, and themselves.<\/p>\t\t\t\t\t\t\t\t<\/div>\n\t\t\t\t<\/div>\n\t\t\t\t<\/div>\n\t\t<div class=\"elementor-element elementor-element-899de7a e-con-full e-flex e-con e-child\" data-id=\"899de7a\" data-element_type=\"container\">\n\t\t\t\t<div class=\"elementor-element elementor-element-2e659e5 elementor-widget elementor-widget-image\" data-id=\"2e659e5\" data-element_type=\"widget\" data-widget_type=\"image.default\">\n\t\t\t\t<div class=\"elementor-widget-container\">\n\t\t\t\t\t\t\t\t\t\t\t\t\t\t\t<img decoding=\"async\" width=\"800\" height=\"533\" src=\"https:\/\/bonviajestours.com\/wp-content\/uploads\/2025\/05\/bonviaje_about-1024x682.png\" class=\"attachment-large size-large wp-image-2799\" alt=\"\" srcset=\"https:\/\/bonviajestours.com\/wp-content\/uploads\/2025\/05\/bonviaje_about-1024x682.png 1024w, https:\/\/bonviajestours.com\/wp-content\/uploads\/2025\/05\/bonviaje_about-300x200.png 300w, https:\/\/bonviajestours.com\/wp-content\/uploads\/2025\/05\/bonviaje_about-768x512.png 768w, https:\/\/bonviajestours.com\/wp-content\/uploads\/2025\/05\/bonviaje_about-18x12.png 18w, https:\/\/bonviajestours.com\/wp-content\/uploads\/2025\/05\/bonviaje_about-600x400.png 600w, https:\/\/bonviajestours.com\/wp-content\/uploads\/2025\/05\/bonviaje_about.png 1280w\" sizes=\"(max-width: 800px) 100vw, 800px\" \/>\t\t\t\t\t\t\t\t\t\t\t\t\t\t\t<\/div>\n\t\t\t\t<\/div>\n\t\t\t\t<\/div>\n\t\t\t\t\t<\/div>\n\t\t\t\t<\/div>\n\t\t<div class=\"elementor-element elementor-element-69efd97 e-flex e-con-boxed e-con e-parent\" data-id=\"69efd97\" data-element_type=\"container\" data-settings=\"{&quot;background_background&quot;:&quot;classic&quot;}\">\n\t\t\t\t\t<div class=\"e-con-inner\">\n\t\t<div class=\"elementor-element elementor-element-ab3f92b e-con-full e-flex e-con e-child\" data-id=\"ab3f92b\" data-element_type=\"container\">\n\t\t\t\t<\/div>\n\t\t<div class=\"elementor-element elementor-element-0409e78 e-con-full e-flex e-con e-child\" data-id=\"0409e78\" data-element_type=\"container\">\n\t\t\t\t<div class=\"elementor-element elementor-element-4b24aab elementor-widget elementor-widget-text-editor\" data-id=\"4b24aab\" data-element_type=\"widget\" data-widget_type=\"text-editor.default\">\n\t\t\t\t<div class=\"elementor-widget-container\">\n\t\t\t\t\t\t\t\t\t<p><strong>We serve two types of travelers:<\/strong><\/p>\t\t\t\t\t\t\t\t<\/div>\n\t\t\t\t<\/div>\n\t\t\t\t<div class=\"elementor-element elementor-element-71dad01 elementor-widget elementor-widget-text-editor\" data-id=\"71dad01\" data-element_type=\"widget\" data-widget_type=\"text-editor.default\">\n\t\t\t\t<div class=\"elementor-widget-container\">\n\t\t\t\t\t\t\t\t\t<p><strong>1. Foreign travelers who dream of discovering Mexico<\/strong><\/p>\t\t\t\t\t\t\t\t<\/div>\n\t\t\t\t<\/div>\n\t\t\t\t<div class=\"elementor-element elementor-element-b0aa240 elementor-widget elementor-widget-text-editor\" data-id=\"b0aa240\" data-element_type=\"widget\" data-widget_type=\"text-editor.default\">\n\t\t\t\t<div class=\"elementor-widget-container\">\n\t\t\t\t\t\t\t\t\t<p><span style=\"font-weight: 400;\">We offer tours in Mexico City, Teotihuac\u00e1n, and other iconic destinations, where international visitors can explore the country's history, cuisine, traditions, and warmth with expert local guides. From balloon rides over the pyramids to tours of traditional markets, each experience is designed to help you experience Mexico like a local.<\/span><\/p>\t\t\t\t\t\t\t\t<\/div>\n\t\t\t\t<\/div>\n\t\t\t\t<\/div>\n\t\t<div class=\"elementor-element elementor-element-654eb47 e-con-full e-flex e-con e-child\" data-id=\"654eb47\" data-element_type=\"container\">\n\t\t\t\t<div class=\"elementor-element elementor-element-4172ddc elementor-widget elementor-widget-image\" data-id=\"4172ddc\" data-element_type=\"widget\" data-widget_type=\"image.default\">\n\t\t\t\t<div class=\"elementor-widget-container\">\n\t\t\t\t\t\t\t\t\t\t\t\t\t\t\t<img loading=\"lazy\" decoding=\"async\" width=\"800\" height=\"623\" src=\"https:\/\/bonviajestours.com\/wp-content\/uploads\/2025\/05\/extranjeros_quiens-1024x797.png\" class=\"attachment-large size-large wp-image-2895\" alt=\"\" srcset=\"https:\/\/bonviajestours.com\/wp-content\/uploads\/2025\/05\/extranjeros_quiens-1024x797.png 1024w, https:\/\/bonviajestours.com\/wp-content\/uploads\/2025\/05\/extranjeros_quiens-300x233.png 300w, https:\/\/bonviajestours.com\/wp-content\/uploads\/2025\/05\/extranjeros_quiens-768x598.png 768w, https:\/\/bonviajestours.com\/wp-content\/uploads\/2025\/05\/extranjeros_quiens-15x12.png 15w, https:\/\/bonviajestours.com\/wp-content\/uploads\/2025\/05\/extranjeros_quiens-600x467.png 600w, https:\/\/bonviajestours.com\/wp-content\/uploads\/2025\/05\/extranjeros_quiens.png 1339w\" sizes=\"(max-width: 800px) 100vw, 800px\" \/>\t\t\t\t\t\t\t\t\t\t\t\t\t\t\t<\/div>\n\t\t\t\t<\/div>\n\t\t\t\t<\/div>\n\t\t\t\t\t<\/div>\n\t\t\t\t<\/div>\n\t\t<div class=\"elementor-element elementor-element-e3fff5f e-flex e-con-boxed e-con e-parent\" data-id=\"e3fff5f\" data-element_type=\"container\" data-settings=\"{&quot;background_background&quot;:&quot;classic&quot;}\">\n\t\t\t\t\t<div class=\"e-con-inner\">\n\t\t<div class=\"elementor-element elementor-element-5dd11d8 e-con-full e-flex e-con e-child\" data-id=\"5dd11d8\" data-element_type=\"container\">\n\t\t\t\t<\/div>\n\t\t<div class=\"elementor-element elementor-element-be6de20 e-con-full e-flex e-con e-child\" data-id=\"be6de20\" data-element_type=\"container\">\n\t\t\t\t<div class=\"elementor-element elementor-element-686c4d1 elementor-widget elementor-widget-text-editor\" data-id=\"686c4d1\" data-element_type=\"widget\" data-widget_type=\"text-editor.default\">\n\t\t\t\t<div class=\"elementor-widget-container\">\n\t\t\t\t\t\t\t\t\t<p><strong>2. Women seeking to reconnect with their essence<\/strong><\/p>\t\t\t\t\t\t\t\t<\/div>\n\t\t\t\t<\/div>\n\t\t\t\t<div class=\"elementor-element elementor-element-c7784b3 elementor-widget elementor-widget-text-editor\" data-id=\"c7784b3\" data-element_type=\"widget\" data-widget_type=\"text-editor.default\">\n\t\t\t\t<div class=\"elementor-widget-container\">\n\t\t\t\t\t\t\t\t\t<p><span style=\"font-weight: 400;\">Our exclusive \"Soulful Experiences\" line is designed for women who want to travel in a safe and nurturing space. These include day tours and longer trips that combine nature, self-discovery, wellness, empowerment, and spiritual healing in unique settings such as mountains, beaches, caves, and magical towns.<\/span><\/p>\t\t\t\t\t\t\t\t<\/div>\n\t\t\t\t<\/div>\n\t\t\t\t<\/div>\n\t\t<div class=\"elementor-element elementor-element-b08d18c e-con-full e-flex e-con e-child\" data-id=\"b08d18c\" data-element_type=\"container\">\n\t\t\t\t<div class=\"elementor-element elementor-element-a087b81 elementor-widget elementor-widget-image\" data-id=\"a087b81\" data-element_type=\"widget\" data-widget_type=\"image.default\">\n\t\t\t\t<div class=\"elementor-widget-container\">\n\t\t\t\t\t\t\t\t\t\t\t\t\t\t\t<img loading=\"lazy\" decoding=\"async\" width=\"800\" height=\"642\" src=\"https:\/\/bonviajestours.com\/wp-content\/uploads\/2025\/05\/foto-mujeres_quienes-somos-1024x822.png\" class=\"attachment-large size-large wp-image-2891\" alt=\"\" srcset=\"https:\/\/bonviajestours.com\/wp-content\/uploads\/2025\/05\/foto-mujeres_quienes-somos-1024x822.png 1024w, https:\/\/bonviajestours.com\/wp-content\/uploads\/2025\/05\/foto-mujeres_quienes-somos-300x241.png 300w, https:\/\/bonviajestours.com\/wp-content\/uploads\/2025\/05\/foto-mujeres_quienes-somos-768x617.png 768w, https:\/\/bonviajestours.com\/wp-content\/uploads\/2025\/05\/foto-mujeres_quienes-somos-15x12.png 15w, https:\/\/bonviajestours.com\/wp-content\/uploads\/2025\/05\/foto-mujeres_quienes-somos-600x482.png 600w, https:\/\/bonviajestours.com\/wp-content\/uploads\/2025\/05\/foto-mujeres_quienes-somos.png 1283w\" sizes=\"(max-width: 800px) 100vw, 800px\" \/>\t\t\t\t\t\t\t\t\t\t\t\t\t\t\t<\/div>\n\t\t\t\t<\/div>\n\t\t\t\t<\/div>\n\t\t\t\t\t<\/div>\n\t\t\t\t<\/div>\n\t\t<div class=\"elementor-element elementor-element-f854678 e-flex e-con-boxed e-con e-parent\" data-id=\"f854678\" data-element_type=\"container\">\n\t\t\t\t\t<div class=\"e-con-inner\">\n\t\t\t\t<div class=\"elementor-element elementor-element-b2cdf04 elementor-widget elementor-widget-spacer\" data-id=\"b2cdf04\" data-element_type=\"widget\" data-widget_type=\"spacer.default\">\n\t\t\t\t<div class=\"elementor-widget-container\">\n\t\t\t\t\t\t\t<div class=\"elementor-spacer\">\n\t\t\t<div class=\"elementor-spacer-inner\"><\/div>\n\t\t<\/div>\n\t\t\t\t\t\t<\/div>\n\t\t\t\t<\/div>\n\t\t\t\t\t<\/div>\n\t\t\t\t<\/div>\n\t\t<div class=\"elementor-element elementor-element-32dc485 e-flex e-con-boxed e-con e-parent\" data-id=\"32dc485\" data-element_type=\"container\" data-settings=\"{&quot;background_background&quot;:&quot;classic&quot;}\">\n\t\t\t\t\t<div class=\"e-con-inner\">\n\t\t<div class=\"elementor-element elementor-element-f5fba21 e-con-full e-flex e-con e-child\" data-id=\"f5fba21\" data-element_type=\"container\">\n\t\t\t\t<\/div>\n\t\t<div class=\"elementor-element elementor-element-360587e e-con-full e-flex e-con e-child\" data-id=\"360587e\" data-element_type=\"container\">\n\t\t\t\t<div class=\"elementor-element elementor-element-5562720 elementor-widget elementor-widget-spacer\" data-id=\"5562720\" data-element_type=\"widget\" data-widget_type=\"spacer.default\">\n\t\t\t\t<div class=\"elementor-widget-container\">\n\t\t\t\t\t\t\t<div class=\"elementor-spacer\">\n\t\t\t<div class=\"elementor-spacer-inner\"><\/div>\n\t\t<\/div>\n\t\t\t\t\t\t<\/div>\n\t\t\t\t<\/div>\n\t\t\t\t<div class=\"elementor-element elementor-element-b0c44aa elementor-widget elementor-widget-heading\" data-id=\"b0c44aa\" data-element_type=\"widget\" data-widget_type=\"heading.default\">\n\t\t\t\t<div class=\"elementor-widget-container\">\n\t\t\t\t\t<h2 class=\"elementor-heading-title elementor-size-default\">At Bonviajes, we're passionate about creating *trips that are felt, experienced, and remembered. Because it's not just about seeing places, it's about **connecting with the soul of each destination... and with your own*.\n<\/h2>\t\t\t\t<\/div>\n\t\t\t\t<\/div>\n\t\t\t\t<div class=\"elementor-element elementor-element-1ad43c9 elementor-widget elementor-widget-spacer\" data-id=\"1ad43c9\" data-element_type=\"widget\" data-widget_type=\"spacer.default\">\n\t\t\t\t<div class=\"elementor-widget-container\">\n\t\t\t\t\t\t\t<div class=\"elementor-spacer\">\n\t\t\t<div class=\"elementor-spacer-inner\"><\/div>\n\t\t<\/div>\n\t\t\t\t\t\t<\/div>\n\t\t\t\t<\/div>\n\t\t\t\t<\/div>\n\t\t<div class=\"elementor-element elementor-element-b0ad3ee e-con-full e-flex e-con e-child\" data-id=\"b0ad3ee\" data-element_type=\"container\">\n\t\t\t\t<\/div>\n\t\t\t\t\t<\/div>\n\t\t\t\t<\/div>\n\t\t<div class=\"elementor-element elementor-element-cb0361e e-flex e-con-boxed e-con e-parent\" data-id=\"cb0361e\" data-element_type=\"container\">\n\t\t\t\t\t<div class=\"e-con-inner\">\n\t\t<div class=\"elementor-element elementor-element-e2a9363 e-con-full e-flex e-con e-child\" data-id=\"e2a9363\" data-element_type=\"container\">\n\t\t\t\t<div class=\"elementor-element elementor-element-aaf3f25 elementor-widget elementor-widget-spacer\" data-id=\"aaf3f25\" data-element_type=\"widget\" data-widget_type=\"spacer.default\">\n\t\t\t\t<div class=\"elementor-widget-container\">\n\t\t\t\t\t\t\t<div class=\"elementor-spacer\">\n\t\t\t<div class=\"elementor-spacer-inner\"><\/div>\n\t\t<\/div>\n\t\t\t\t\t\t<\/div>\n\t\t\t\t<\/div>\n\t\t\t\t<div class=\"elementor-element elementor-element-fca9462 elementor-widget elementor-widget-heading\" data-id=\"fca9462\" data-element_type=\"widget\" data-widget_type=\"heading.default\">\n\t\t\t\t<div class=\"elementor-widget-container\">\n\t\t\t\t\t<h2 class=\"elementor-heading-title elementor-size-default\">Welcome to your next trip.\n<\/h2>\t\t\t\t<\/div>\n\t\t\t\t<\/div>\n\t\t\t\t<div class=\"elementor-element elementor-element-3dacded elementor-widget elementor-widget-spacer\" data-id=\"3dacded\" data-element_type=\"widget\" data-widget_type=\"spacer.default\">\n\t\t\t\t<div class=\"elementor-widget-container\">\n\t\t\t\t\t\t\t<div class=\"elementor-spacer\">\n\t\t\t<div class=\"elementor-spacer-inner\"><\/div>\n\t\t<\/div>\n\t\t\t\t\t\t<\/div>\n\t\t\t\t<\/div>\n\t\t\t\t<\/div>\n\t\t<div class=\"elementor-element elementor-element-909e637 e-con-full e-flex e-con e-child\" data-id=\"909e637\" data-element_type=\"container\">\n\t\t\t\t<\/div>\n\t\t\t\t\t<\/div>\n\t\t\t\t<\/div>\n\t\t<div class=\"elementor-element elementor-element-adb8793 e-flex e-con-boxed e-con e-parent\" data-id=\"adb8793\" data-element_type=\"container\" data-settings=\"{&quot;background_background&quot;:&quot;classic&quot;}\">\n\t\t\t\t\t<div class=\"e-con-inner\">\n\t\t<div class=\"elementor-element elementor-element-6f52410 e-con-full e-flex e-con e-child\" data-id=\"6f52410\" data-element_type=\"container\">\n\t\t\t\t<div class=\"elementor-element elementor-element-d8d0999 elementor-widget elementor-widget-heading\" data-id=\"d8d0999\" data-element_type=\"widget\" data-widget_type=\"heading.default\">\n\t\t\t\t<div class=\"elementor-widget-container\">\n\t\t\t\t\t<h2 class=\"elementor-heading-title elementor-size-default\">*Mission*\n<\/h2>\t\t\t\t<\/div>\n\t\t\t\t<\/div>\n\t\t\t\t<div class=\"elementor-element elementor-element-1b0a11d elementor-widget elementor-widget-text-editor\" data-id=\"1b0a11d\" data-element_type=\"widget\" data-widget_type=\"text-editor.default\">\n\t\t\t\t<div class=\"elementor-widget-container\">\n\t\t\t\t\t\t\t\t\t<p><span style=\"font-weight: 400;\">Design authentic and meaningful travel experiences that connect people with culture, nature, and their personal growth, providing quality tours for foreign tourists and spaces for reconnection for women travelers.<\/span><\/p>\t\t\t\t\t\t\t\t<\/div>\n\t\t\t\t<\/div>\n\t\t\t\t<\/div>\n\t\t<div class=\"elementor-element elementor-element-ef6ed58 e-con-full e-flex e-con e-child\" data-id=\"ef6ed58\" data-element_type=\"container\">\n\t\t\t\t<div class=\"elementor-element elementor-element-54a5101 elementor-widget elementor-widget-heading\" data-id=\"54a5101\" data-element_type=\"widget\" data-widget_type=\"heading.default\">\n\t\t\t\t<div class=\"elementor-widget-container\">\n\t\t\t\t\t<h2 class=\"elementor-heading-title elementor-size-default\">*Vision*\n<\/h2>\t\t\t\t<\/div>\n\t\t\t\t<\/div>\n\t\t\t\t<div class=\"elementor-element elementor-element-010544e elementor-widget elementor-widget-text-editor\" data-id=\"010544e\" data-element_type=\"widget\" data-widget_type=\"text-editor.default\">\n\t\t\t\t<div class=\"elementor-widget-container\">\n\t\t\t\t\t\t\t\t\t<p><span style=\"font-weight: 400;\">To be an agency recognized in Mexico and around the world for offering tours that inspire, transform, and leave a lasting impression, highlighting Mexico's cultural richness and promoting women's well-being and empowerment through travel.<\/span><\/p>\t\t\t\t\t\t\t\t<\/div>\n\t\t\t\t<\/div>\n\t\t\t\t<\/div>\n\t\t<div class=\"elementor-element elementor-element-b9837cf e-con-full e-flex e-con e-child\" data-id=\"b9837cf\" data-element_type=\"container\">\n\t\t\t\t<\/div>\n\t\t\t\t\t<\/div>\n\t\t\t\t<\/div>\n\t\t<div class=\"elementor-element elementor-element-87696c7 e-flex e-con-boxed e-con e-parent\" data-id=\"87696c7\" data-element_type=\"container\" data-settings=\"{&quot;background_background&quot;:&quot;classic&quot;}\">\n\t\t\t\t\t<div class=\"e-con-inner\">\n\t\t<div class=\"elementor-element elementor-element-1686ebc e-con-full e-flex e-con e-child\" data-id=\"1686ebc\" data-element_type=\"container\">\n\t\t\t\t<div class=\"elementor-element elementor-element-8b539e3 elementor-widget elementor-widget-heading\" data-id=\"8b539e3\" data-element_type=\"widget\" data-widget_type=\"heading.default\">\n\t\t\t\t<div class=\"elementor-widget-container\">\n\t\t\t\t\t<h2 class=\"elementor-heading-title elementor-size-default\">*Values*\n<\/h2>\t\t\t\t<\/div>\n\t\t\t\t<\/div>\n\t\t\t\t<\/div>\n\t\t<div class=\"elementor-element elementor-element-c752f41 e-con-full e-flex e-con e-child\" data-id=\"c752f41\" data-element_type=\"container\">\n\t\t\t\t<div class=\"elementor-element elementor-element-670c8c7 elementor-widget elementor-widget-text-editor\" data-id=\"670c8c7\" data-element_type=\"widget\" data-widget_type=\"text-editor.default\">\n\t\t\t\t<div class=\"elementor-widget-container\">\n\t\t\t\t\t\t\t\t\t<ul><li><strong>Authenticity: <\/strong><span style=\"font-weight: 400;\">We create genuine experiences that reflect the essence of each destination.<\/span><\/li><li><span style=\"font-weight: 400;\"><strong>Connection:<\/strong> Promote links between people, cultures and themselves.<\/span><\/li><li><span style=\"font-weight: 400;\"><strong>Warmth:<\/strong> We offer a close, humane and respectful treatment.<\/span><\/li><li><span style=\"font-weight: 400;\"><strong>Empowerment:<\/strong> We empower women to experience journeys that enhance their well-being and growth.<\/span><\/li><li><span style=\"font-weight: 400;\"><strong>Responsibility:<\/strong> We promote sustainable tourism and respect for local communities.<\/span><\/li><\/ul>\t\t\t\t\t\t\t\t<\/div>\n\t\t\t\t<\/div>\n\t\t\t\t<\/div>\n\t\t\t\t\t<\/div>\n\t\t\t\t<\/div>\n\t\t<div class=\"elementor-element elementor-element-50f2079 e-flex e-con-boxed e-con e-parent\" data-id=\"50f2079\" data-element_type=\"container\">\n\t\t\t\t\t<div class=\"e-con-inner\">\n\t\t\t\t<div class=\"elementor-element elementor-element-3a50409 elementor-widget elementor-widget-spacer\" data-id=\"3a50409\" data-element_type=\"widget\" data-widget_type=\"spacer.default\">\n\t\t\t\t<div class=\"elementor-widget-container\">\n\t\t\t\t\t\t\t<div class=\"elementor-spacer\">\n\t\t\t<div class=\"elementor-spacer-inner\"><\/div>\n\t\t<\/div>\n\t\t\t\t\t\t<\/div>\n\t\t\t\t<\/div>\n\t\t\t\t\t<\/div>\n\t\t\t\t<\/div>\n\t\t\t\t<\/div>","protected":false},"excerpt":{"rendered":"<p>En Bonviajes, creemos que cada viaje es m\u00e1s que un destino: es una experiencia que transforma. Somos una agencia de viajes mexicana especializada en dise\u00f1ar recorridos aut\u00e9nticos que conectan a las personas con la cultura, la naturaleza y consigo mismas. Atendemos a dos tipos de viajeros: 1. Viajeros extranjeros que sue\u00f1an con descubrir M\u00e9xico Ofrecemos [&hellip;]<\/p>","protected":false},"author":2,"featured_media":0,"parent":0,"menu_order":0,"comment_status":"closed","ping_status":"closed","template":"","meta":{"_joinchat":[],"footnotes":""},"class_list":["post-2795","page","type-page","status-publish","hentry"],"_links":{"self":[{"href":"https:\/\/bonviajestours.com\/en\/wp-json\/wp\/v2\/pages\/2795","targetHints":{"allow":["GET"]}}],"collection":[{"href":"https:\/\/bonviajestours.com\/en\/wp-json\/wp\/v2\/pages"}],"about":[{"href":"https:\/\/bonviajestours.com\/en\/wp-json\/wp\/v2\/types\/page"}],"author":[{"embeddable":true,"href":"https:\/\/bonviajestours.com\/en\/wp-json\/wp\/v2\/users\/2"}],"replies":[{"embeddable":true,"href":"https:\/\/bonviajestours.com\/en\/wp-json\/wp\/v2\/comments?post=2795"}],"version-history":[{"count":61,"href":"https:\/\/bonviajestours.com\/en\/wp-json\/wp\/v2\/pages\/2795\/revisions"}],"predecessor-version":[{"id":2907,"href":"https:\/\/bonviajestours.com\/en\/wp-json\/wp\/v2\/pages\/2795\/revisions\/2907"}],"wp:attachment":[{"href":"https:\/\/bonviajestours.com\/en\/wp-json\/wp\/v2\/media?parent=2795"}],"curies":[{"name":"wp","href":"https:\/\/api.w.org\/{rel}","templated":true}]}}