{"id":2752,"date":"2025-04-26T16:32:16","date_gmt":"2025-04-26T16:32:16","guid":{"rendered":"https:\/\/bonviajestours.com\/?page_id=2752"},"modified":"2025-04-26T16:33:49","modified_gmt":"2025-04-26T16:33:49","slug":"aviso-de-privacidad","status":"publish","type":"page","link":"https:\/\/bonviajestours.com\/en\/aviso-de-privacidad\/","title":{"rendered":"Aviso de Privacidad"},"content":{"rendered":"<div data-elementor-type=\"wp-page\" data-elementor-id=\"2752\" class=\"elementor elementor-2752\" data-elementor-post-type=\"page\">\n\t\t\t\t<div class=\"elementor-element elementor-element-e25f703 e-flex e-con-boxed e-con e-parent\" data-id=\"e25f703\" data-element_type=\"container\">\n\t\t\t\t\t<div class=\"e-con-inner\">\n\t\t<div class=\"elementor-element elementor-element-f526c1d e-con-full e-flex e-con e-child\" data-id=\"f526c1d\" data-element_type=\"container\">\n\t\t\t\t<\/div>\n\t\t<div class=\"elementor-element elementor-element-a6c8ef6 e-con-full e-flex e-con e-child\" data-id=\"a6c8ef6\" data-element_type=\"container\">\n\t\t\t\t<div class=\"elementor-element elementor-element-d7c03ef elementor-widget elementor-widget-heading\" data-id=\"d7c03ef\" data-element_type=\"widget\" data-widget_type=\"heading.default\">\n\t\t\t\t<div class=\"elementor-widget-container\">\n\t\t\t\t\t<h2 class=\"elementor-heading-title elementor-size-default\">Aviso de Privacidad<\/h2>\t\t\t\t<\/div>\n\t\t\t\t<\/div>\n\t\t\t\t<\/div>\n\t\t<div class=\"elementor-element elementor-element-8f90ebb e-con-full e-flex e-con e-child\" data-id=\"8f90ebb\" data-element_type=\"container\">\n\t\t\t\t<\/div>\n\t\t\t\t\t<\/div>\n\t\t\t\t<\/div>\n\t\t<div class=\"elementor-element elementor-element-b3dc4f9 e-flex e-con-boxed e-con e-parent\" data-id=\"b3dc4f9\" data-element_type=\"container\">\n\t\t\t\t\t<div class=\"e-con-inner\">\n\t\t<div class=\"elementor-element elementor-element-38d44e4 e-con-full e-flex e-con e-child\" data-id=\"38d44e4\" data-element_type=\"container\">\n\t\t\t\t<\/div>\n\t\t<div class=\"elementor-element elementor-element-997e1a2 e-con-full e-flex e-con e-child\" data-id=\"997e1a2\" data-element_type=\"container\">\n\t\t\t\t<div class=\"elementor-element elementor-element-603b980 elementor-widget elementor-widget-text-editor\" data-id=\"603b980\" data-element_type=\"widget\" data-widget_type=\"text-editor.default\">\n\t\t\t\t<div class=\"elementor-widget-container\">\n\t\t\t\t\t\t\t\t\t<div>Bonviajes tours, con domicilio en Parroquia 201 CDMX, es responsable del tratamiento de sus datos personales.<\/div><div>\u00a0<\/div><div>La informaci\u00f3n personal que recabamos ser\u00e1 utilizada para las siguientes finalidades:<\/div><div>\u2022Gestionar y confirmar reservas de viajes y tours.<\/div><div>\u2022Elaborar facturaci\u00f3n correspondiente.<\/div><div>\u2022Ofrecerle informaci\u00f3n sobre nuevos servicios, promociones y eventos relacionados.<\/div><div>\u2022Cumplir con obligaciones legales aplicables.<\/div><div>\u00a0<\/div><div>Para las finalidades antes mencionadas, recabamos datos personales como: nombre, domicilio, tel\u00e9fono, correo electr\u00f3nico, fecha de nacimiento, nacionalidad, datos de identificaci\u00f3n oficial, entre otros estrictamente necesarios.<\/div><div>\u00a0<\/div><div>Sus datos personales no ser\u00e1n compartidos con terceros sin su consentimiento, salvo que sea necesario para la prestaci\u00f3n del servicio contratado (por ejemplo, proveedores de transportaci\u00f3n, hospedaje o seguros de viaje).<\/div><div>\u00a0<\/div><div>Usted tiene derecho a acceder, rectificar y cancelar sus datos personales, as\u00ed como a oponerse a su tratamiento o revocar el consentimiento que para tal fin nos haya otorgado, a trav\u00e9s del correo electr\u00f3nico contacto@bonviajestours.com.<\/div><div>\u00a0<\/div><div>Nos reservamos el derecho de modificar o actualizar este aviso en cualquier momento, en atenci\u00f3n a cambios legislativos o necesidades propias. Cualquier modificaci\u00f3n estar\u00e1 disponible en Bonviajes<\/div><div>\u00a0<\/div><div>Fecha de \u00faltima actualizaci\u00f3n: 26 de abril del 2024<\/div>\t\t\t\t\t\t\t\t<\/div>\n\t\t\t\t<\/div>\n\t\t\t\t<\/div>\n\t\t<div class=\"elementor-element elementor-element-2af12de e-con-full e-flex e-con e-child\" data-id=\"2af12de\" data-element_type=\"container\">\n\t\t\t\t<\/div>\n\t\t\t\t\t<\/div>\n\t\t\t\t<\/div>\n\t\t<div class=\"elementor-element elementor-element-7459376 e-flex e-con-boxed e-con e-parent\" data-id=\"7459376\" data-element_type=\"container\">\n\t\t\t\t\t<div class=\"e-con-inner\">\n\t\t\t\t<div class=\"elementor-element elementor-element-7ec0cdc elementor-widget elementor-widget-spacer\" data-id=\"7ec0cdc\" data-element_type=\"widget\" data-widget_type=\"spacer.default\">\n\t\t\t\t<div class=\"elementor-widget-container\">\n\t\t\t\t\t\t\t<div class=\"elementor-spacer\">\n\t\t\t<div class=\"elementor-spacer-inner\"><\/div>\n\t\t<\/div>\n\t\t\t\t\t\t<\/div>\n\t\t\t\t<\/div>\n\t\t\t\t\t<\/div>\n\t\t\t\t<\/div>\n\t\t\t\t<\/div>","protected":false},"excerpt":{"rendered":"<p>Aviso de Privacidad Bonviajes tours, con domicilio en Parroquia 201 CDMX, es responsable del tratamiento de sus datos personales.\u00a0La informaci\u00f3n personal que recabamos ser\u00e1 utilizada para las siguientes finalidades:\u2022Gestionar y confirmar reservas de viajes y tours.\u2022Elaborar facturaci\u00f3n correspondiente.\u2022Ofrecerle informaci\u00f3n sobre nuevos servicios, promociones y eventos relacionados.\u2022Cumplir con obligaciones legales aplicables.\u00a0Para las finalidades antes mencionadas, recabamos [&hellip;]<\/p>","protected":false},"author":1,"featured_media":0,"parent":0,"menu_order":0,"comment_status":"closed","ping_status":"closed","template":"","meta":{"_joinchat":[],"footnotes":""},"class_list":["post-2752","page","type-page","status-publish","hentry"],"_links":{"self":[{"href":"https:\/\/bonviajestours.com\/en\/wp-json\/wp\/v2\/pages\/2752","targetHints":{"allow":["GET"]}}],"collection":[{"href":"https:\/\/bonviajestours.com\/en\/wp-json\/wp\/v2\/pages"}],"about":[{"href":"https:\/\/bonviajestours.com\/en\/wp-json\/wp\/v2\/types\/page"}],"author":[{"embeddable":true,"href":"https:\/\/bonviajestours.com\/en\/wp-json\/wp\/v2\/users\/1"}],"replies":[{"embeddable":true,"href":"https:\/\/bonviajestours.com\/en\/wp-json\/wp\/v2\/comments?post=2752"}],"version-history":[{"count":4,"href":"https:\/\/bonviajestours.com\/en\/wp-json\/wp\/v2\/pages\/2752\/revisions"}],"predecessor-version":[{"id":2757,"href":"https:\/\/bonviajestours.com\/en\/wp-json\/wp\/v2\/pages\/2752\/revisions\/2757"}],"wp:attachment":[{"href":"https:\/\/bonviajestours.com\/en\/wp-json\/wp\/v2\/media?parent=2752"}],"curies":[{"name":"wp","href":"https:\/\/api.w.org\/{rel}","templated":true}]}}