{"id":2402,"date":"2025-04-23T04:37:20","date_gmt":"2025-04-23T04:37:20","guid":{"rendered":"https:\/\/bonviajestours.com\/?page_id=2402"},"modified":"2026-03-06T00:38:48","modified_gmt":"2026-03-06T00:38:48","slug":"mujeres","status":"publish","type":"page","link":"https:\/\/bonviajestours.com\/en\/mujeres\/","title":{"rendered":"Womans"},"content":{"rendered":"<div data-elementor-type=\"wp-page\" data-elementor-id=\"2402\" class=\"elementor elementor-2402\" data-elementor-post-type=\"page\">\n\t\t\t\t<div class=\"elementor-element elementor-element-b926a88 elementor-hidden-desktop elementor-hidden-tablet e-flex e-con-boxed e-con e-parent\" data-id=\"b926a88\" data-element_type=\"container\">\n\t\t\t\t\t<div class=\"e-con-inner\">\n\t\t<div class=\"elementor-element elementor-element-76e01e8 e-con-full e-flex e-con e-child\" data-id=\"76e01e8\" data-element_type=\"container\">\n\t\t\t\t<div class=\"elementor-element elementor-element-309c2ea elementor-widget elementor-widget-image\" data-id=\"309c2ea\" data-element_type=\"widget\" data-widget_type=\"image.default\">\n\t\t\t\t<div class=\"elementor-widget-container\">\n\t\t\t\t\t\t\t\t\t\t\t\t\t\t\t<img fetchpriority=\"high\" decoding=\"async\" width=\"392\" height=\"280\" src=\"https:\/\/bonviajestours.com\/wp-content\/uploads\/2025\/05\/btn_womans.png\" class=\"attachment-large size-large wp-image-2481\" alt=\"\" srcset=\"https:\/\/bonviajestours.com\/wp-content\/uploads\/2025\/05\/btn_womans.png 392w, https:\/\/bonviajestours.com\/wp-content\/uploads\/2025\/05\/btn_womans-300x214.png 300w, https:\/\/bonviajestours.com\/wp-content\/uploads\/2025\/05\/btn_womans-18x12.png 18w\" sizes=\"(max-width: 392px) 100vw, 392px\" \/>\t\t\t\t\t\t\t\t\t\t\t\t\t\t\t<\/div>\n\t\t\t\t<\/div>\n\t\t\t\t<\/div>\n\t\t<div class=\"elementor-element elementor-element-7a7bf76 e-con-full e-flex e-con e-child\" data-id=\"7a7bf76\" data-element_type=\"container\">\n\t\t\t\t<div class=\"elementor-element elementor-element-eecf743 elementor-widget elementor-widget-image\" data-id=\"eecf743\" data-element_type=\"widget\" data-widget_type=\"image.default\">\n\t\t\t\t<div class=\"elementor-widget-container\">\n\t\t\t\t\t\t\t\t\t\t\t\t\t\t\t\t<a href=\"https:\/\/bonviajestours.com\/en\/extranjeros\/\">\n\t\t\t\t\t\t\t<img decoding=\"async\" width=\"394\" height=\"280\" src=\"https:\/\/bonviajestours.com\/wp-content\/uploads\/2025\/05\/btn_foreigners.png\" class=\"attachment-large size-large wp-image-2468\" alt=\"\" srcset=\"https:\/\/bonviajestours.com\/wp-content\/uploads\/2025\/05\/btn_foreigners.png 394w, https:\/\/bonviajestours.com\/wp-content\/uploads\/2025\/05\/btn_foreigners-300x213.png 300w, https:\/\/bonviajestours.com\/wp-content\/uploads\/2025\/05\/btn_foreigners-18x12.png 18w\" sizes=\"(max-width: 394px) 100vw, 394px\" \/>\t\t\t\t\t\t\t\t<\/a>\n\t\t\t\t\t\t\t\t\t\t\t\t\t\t\t<\/div>\n\t\t\t\t<\/div>\n\t\t\t\t<\/div>\n\t\t\t\t\t<\/div>\n\t\t\t\t<\/div>\n\t\t<div class=\"elementor-element elementor-element-8c4f73a elementor-hidden-mobile e-flex e-con-boxed e-con e-parent\" data-id=\"8c4f73a\" data-element_type=\"container\">\n\t\t\t\t\t<div class=\"e-con-inner\">\n\t\t\t\t<div class=\"elementor-element elementor-element-770524c elementor-widget elementor-widget-spacer\" data-id=\"770524c\" data-element_type=\"widget\" data-widget_type=\"spacer.default\">\n\t\t\t\t<div class=\"elementor-widget-container\">\n\t\t\t\t\t\t\t<div class=\"elementor-spacer\">\n\t\t\t<div class=\"elementor-spacer-inner\"><\/div>\n\t\t<\/div>\n\t\t\t\t\t\t<\/div>\n\t\t\t\t<\/div>\n\t\t\t\t\t<\/div>\n\t\t\t\t<\/div>\n\t\t<div class=\"elementor-element elementor-element-999c9b7 elementor-hidden-mobile e-flex e-con-boxed e-con e-parent\" data-id=\"999c9b7\" data-element_type=\"container\">\n\t\t\t\t\t<div class=\"e-con-inner\">\n\t\t<div class=\"elementor-element elementor-element-5980a86 e-con-full e-flex e-con e-child\" data-id=\"5980a86\" data-element_type=\"container\">\n\t\t\t\t<\/div>\n\t\t<div class=\"elementor-element elementor-element-856d048 e-con-full e-flex e-con e-child\" data-id=\"856d048\" data-element_type=\"container\">\n\t\t\t\t<div class=\"elementor-element elementor-element-183d518 elementor-widget elementor-widget-image\" data-id=\"183d518\" data-element_type=\"widget\" data-widget_type=\"image.default\">\n\t\t\t\t<div class=\"elementor-widget-container\">\n\t\t\t\t\t\t\t\t\t\t\t\t\t\t\t<img fetchpriority=\"high\" decoding=\"async\" width=\"392\" height=\"280\" src=\"https:\/\/bonviajestours.com\/wp-content\/uploads\/2025\/05\/btn_womans.png\" class=\"attachment-large size-large wp-image-2481\" alt=\"\" srcset=\"https:\/\/bonviajestours.com\/wp-content\/uploads\/2025\/05\/btn_womans.png 392w, https:\/\/bonviajestours.com\/wp-content\/uploads\/2025\/05\/btn_womans-300x214.png 300w, https:\/\/bonviajestours.com\/wp-content\/uploads\/2025\/05\/btn_womans-18x12.png 18w\" sizes=\"(max-width: 392px) 100vw, 392px\" \/>\t\t\t\t\t\t\t\t\t\t\t\t\t\t\t<\/div>\n\t\t\t\t<\/div>\n\t\t\t\t<\/div>\n\t\t<div class=\"elementor-element elementor-element-a0209e7 e-con-full e-flex e-con e-child\" data-id=\"a0209e7\" data-element_type=\"container\">\n\t\t\t\t<div class=\"elementor-element elementor-element-7239a39 elementor-widget elementor-widget-image\" data-id=\"7239a39\" data-element_type=\"widget\" data-widget_type=\"image.default\">\n\t\t\t\t<div class=\"elementor-widget-container\">\n\t\t\t\t\t\t\t\t\t\t\t\t\t\t\t\t<a href=\"https:\/\/bonviajestours.com\/en\/extranjeros\/\">\n\t\t\t\t\t\t\t<img decoding=\"async\" width=\"394\" height=\"280\" src=\"https:\/\/bonviajestours.com\/wp-content\/uploads\/2025\/05\/btn_foreigners.png\" class=\"attachment-large size-large wp-image-2468\" alt=\"\" srcset=\"https:\/\/bonviajestours.com\/wp-content\/uploads\/2025\/05\/btn_foreigners.png 394w, https:\/\/bonviajestours.com\/wp-content\/uploads\/2025\/05\/btn_foreigners-300x213.png 300w, https:\/\/bonviajestours.com\/wp-content\/uploads\/2025\/05\/btn_foreigners-18x12.png 18w\" sizes=\"(max-width: 394px) 100vw, 394px\" \/>\t\t\t\t\t\t\t\t<\/a>\n\t\t\t\t\t\t\t\t\t\t\t\t\t\t\t<\/div>\n\t\t\t\t<\/div>\n\t\t\t\t<\/div>\n\t\t<div class=\"elementor-element elementor-element-8e802ab e-con-full e-flex e-con e-child\" data-id=\"8e802ab\" data-element_type=\"container\">\n\t\t\t\t<\/div>\n\t\t\t\t\t<\/div>\n\t\t\t\t<\/div>\n\t\t<div class=\"elementor-element elementor-element-d9fcbc7 e-flex e-con-boxed e-con e-parent\" data-id=\"d9fcbc7\" data-element_type=\"container\">\n\t\t\t\t\t<div class=\"e-con-inner\">\n\t\t<div class=\"elementor-element elementor-element-a92d12d e-con-full e-flex e-con e-child\" data-id=\"a92d12d\" data-element_type=\"container\">\n\t\t\t\t<div class=\"elementor-element elementor-element-85affa4 elementor-widget elementor-widget-heading\" data-id=\"85affa4\" data-element_type=\"widget\" data-widget_type=\"heading.default\">\n\t\t\t\t<div class=\"elementor-widget-container\">\n\t\t\t\t\t<h2 class=\"elementor-heading-title elementor-size-default\">2026<\/h2>\t\t\t\t<\/div>\n\t\t\t\t<\/div>\n\t\t\t\t<\/div>\n\t\t<div class=\"elementor-element elementor-element-45f0b46 e-con-full e-flex e-con e-child\" data-id=\"45f0b46\" data-element_type=\"container\">\n\t\t\t\t<div class=\"elementor-element elementor-element-6be8df9 premium-woo-product-align-left premium-qv-hidden-yes elementor-widget elementor-widget-premium-woo-products\" data-id=\"6be8df9\" data-element_type=\"widget\" data-widget_type=\"premium-woo-products.grid-1\">\n\t\t\t\t<div class=\"elementor-widget-container\">\n\t\t\t\t\t\t\t<div class=\"premium-woo-empty\">\n\t\t\t<p>No products were found for this query.<\/p>\n\t\t<\/div>\n\t\t\t\t\t\t<\/div>\n\t\t\t\t<\/div>\n\t\t\t\t<\/div>\n\t\t\t\t\t<\/div>\n\t\t\t\t<\/div>\n\t\t<div class=\"elementor-element elementor-element-6ccb2e3 e-flex e-con-boxed e-con e-parent\" data-id=\"6ccb2e3\" data-element_type=\"container\">\n\t\t\t\t\t<div class=\"e-con-inner\">\n\t\t\t\t<div class=\"elementor-element elementor-element-290a2c4 premium-woo-product-align-left premium-qv-hidden-yes elementor-widget elementor-widget-premium-woo-products\" data-id=\"290a2c4\" data-element_type=\"widget\" data-widget_type=\"premium-woo-products.grid-1\">\n\t\t\t\t<div class=\"elementor-widget-container\">\n\t\t\t\t\t<div class=\"premium-woocommerce premium-woo-products-grid premium-woo-skin-grid-1 premium-woo-query-custom\" data-page-id=\"2402\" data-skin=\"grid_1\" data-quick-view=\"\"><div class=\"premium-woo-products-inner premium-woo-product__hover-swap\"><ul class=\"products columns-4\">\n\n<li class=\"post-2771 product first instock shipping-taxable product-type-simple\">\n\t<div class=\"premium-woo-product-wrapper premium-con-lq__none\">\n\t\t<div class=\"premium-woo-product-thumbnail\"><a href=\"https:\/\/bonviajestours.com\/en\/product\/vivir-es-recordar\/\" class=\"woocommerce-LoopProduct-link woocommerce-loop-product__link\"><img decoding=\"async\" src=\"https:\/\/bonviajestours.com\/wp-content\/uploads\/2025\/04\/oax.jpg\" alt=\"\"><\/a><\/div><div class=\"premium-woo-products-details-wrap\"><a href=\"https:\/\/bonviajestours.com\/en\/product\/vivir-es-recordar\/\" class=\"premium-woo-product__link\"><h2 class=\"woocommerce-loop-product__title\">DIA DE MUERTOS 2026- OAXACA<\/h2><\/a>\n<\/div>\t<\/div>\n<\/li>\n\n<li class=\"post-2770 product  instock shipping-taxable product-type-simple\">\n\t<div class=\"premium-woo-product-wrapper premium-con-lq__none\">\n\t\t<div class=\"premium-woo-product-thumbnail\"><a href=\"https:\/\/bonviajestours.com\/en\/product\/reconstruyendome-a-mi-manera\/\" class=\"woocommerce-LoopProduct-link woocommerce-loop-product__link\"><img decoding=\"async\" src=\"https:\/\/bonviajestours.com\/wp-content\/uploads\/2025\/04\/Jardin-Ecultorico-Surrelista-de-Edward-James_Xilitla_SLP_6.jpg\" alt=\"\"><\/a><\/div><div class=\"premium-woo-products-details-wrap\"><a href=\"https:\/\/bonviajestours.com\/en\/product\/reconstruyendome-a-mi-manera\/\" class=\"premium-woo-product__link\"><h2 class=\"woocommerce-loop-product__title\">San Luis Potos\u00ed &#8211; Septiembre 19<\/h2><\/a>\n<\/div>\t<\/div>\n<\/li>\n\n<li class=\"post-2769 product  instock shipping-taxable product-type-simple\">\n\t<div class=\"premium-woo-product-wrapper premium-con-lq__none\">\n\t\t<div class=\"premium-woo-product-thumbnail\"><a href=\"https:\/\/bonviajestours.com\/en\/product\/aguas-termales-el-aguacate-noviembre-28\/\" class=\"woocommerce-LoopProduct-link woocommerce-loop-product__link\"><img decoding=\"async\" src=\"https:\/\/bonviajestours.com\/wp-content\/uploads\/2025\/04\/el_aguacate.png\" alt=\"\"><\/a><\/div><div class=\"premium-woo-products-details-wrap\"><a href=\"https:\/\/bonviajestours.com\/en\/product\/aguas-termales-el-aguacate-noviembre-28\/\" class=\"premium-woo-product__link\"><h2 class=\"woocommerce-loop-product__title\">Manantial El Aguacate Noviembre 28<\/h2><\/a>\n<\/div>\t<\/div>\n<\/li>\n\n<li class=\"post-2768 product last instock shipping-taxable product-type-simple\">\n\t<div class=\"premium-woo-product-wrapper premium-con-lq__none\">\n\t\t<div class=\"premium-woo-product-thumbnail\"><a href=\"https:\/\/bonviajestours.com\/en\/product\/conexion-ancestral\/\" class=\"woocommerce-LoopProduct-link woocommerce-loop-product__link\"><img decoding=\"async\" src=\"https:\/\/bonviajestours.com\/wp-content\/uploads\/2025\/04\/centro-ceremonial-otomi.jpg\" alt=\"\"><\/a><\/div><div class=\"premium-woo-products-details-wrap\"><a href=\"https:\/\/bonviajestours.com\/en\/product\/conexion-ancestral\/\" class=\"premium-woo-product__link\"><h2 class=\"woocommerce-loop-product__title\">ANCESTRAL CONNECTION<\/h2><\/a>\n<\/div>\t<\/div>\n<\/li>\n\n<li class=\"post-2767 product first instock shipping-taxable product-type-simple\">\n\t<div class=\"premium-woo-product-wrapper premium-con-lq__none\">\n\t\t<div class=\"premium-woo-product-thumbnail\"><a href=\"https:\/\/bonviajestours.com\/en\/product\/descubrete-entre-nubes\/\" class=\"woocommerce-LoopProduct-link woocommerce-loop-product__link\"><img decoding=\"async\" src=\"https:\/\/bonviajestours.com\/wp-content\/uploads\/2025\/04\/Pinal-de-Amoles-Puente-de-Dios.jpg\" alt=\"\"><\/a><\/div><div class=\"premium-woo-products-details-wrap\"><a href=\"https:\/\/bonviajestours.com\/en\/product\/descubrete-entre-nubes\/\" class=\"premium-woo-product__link\"><h2 class=\"woocommerce-loop-product__title\">DISCOVER  YOURSELF  AMONG THE CLOUDS<\/h2><\/a>\n<\/div>\t<\/div>\n<\/li>\n<\/ul>\n<\/div><\/div>\t\t\t\t<\/div>\n\t\t\t\t<\/div>\n\t\t\t\t\t<\/div>\n\t\t\t\t<\/div>\n\t\t\t\t<\/div>","protected":false},"excerpt":{"rendered":"<p>2026 No products were found for this query. VIVIR ES RECORDAR RECONSTRUY\u00c9NDOME A MI MANERA FLUYE COMO EL AGUA CONEXI\u00d3N ANCESTRAL DESC\u00daBRETE ENTRE NUBES<\/p>","protected":false},"author":1,"featured_media":0,"parent":0,"menu_order":0,"comment_status":"closed","ping_status":"closed","template":"","meta":{"_joinchat":[],"footnotes":""},"class_list":["post-2402","page","type-page","status-publish","hentry"],"_links":{"self":[{"href":"https:\/\/bonviajestours.com\/en\/wp-json\/wp\/v2\/pages\/2402","targetHints":{"allow":["GET"]}}],"collection":[{"href":"https:\/\/bonviajestours.com\/en\/wp-json\/wp\/v2\/pages"}],"about":[{"href":"https:\/\/bonviajestours.com\/en\/wp-json\/wp\/v2\/types\/page"}],"author":[{"embeddable":true,"href":"https:\/\/bonviajestours.com\/en\/wp-json\/wp\/v2\/users\/1"}],"replies":[{"embeddable":true,"href":"https:\/\/bonviajestours.com\/en\/wp-json\/wp\/v2\/comments?post=2402"}],"version-history":[{"count":110,"href":"https:\/\/bonviajestours.com\/en\/wp-json\/wp\/v2\/pages\/2402\/revisions"}],"predecessor-version":[{"id":3024,"href":"https:\/\/bonviajestours.com\/en\/wp-json\/wp\/v2\/pages\/2402\/revisions\/3024"}],"wp:attachment":[{"href":"https:\/\/bonviajestours.com\/en\/wp-json\/wp\/v2\/media?parent=2402"}],"curies":[{"name":"wp","href":"https:\/\/api.w.org\/{rel}","templated":true}]}}